{"id":1092,"date":"2025-06-17T17:48:47","date_gmt":"2025-06-17T23:48:47","guid":{"rendered":"https:\/\/gruportres.mx\/?page_id=1092"},"modified":"2025-06-29T20:58:21","modified_gmt":"2025-06-30T02:58:21","slug":"lic-manuel-duron-villasenor-socios","status":"publish","type":"page","link":"https:\/\/gruportres.mx\/en\/lic-manuel-duron-villasenor-socios\/","title":{"rendered":"Lic. Manuel Duron Villase\u00f1or"},"content":{"rendered":"<div data-elementor-type=\"wp-page\" data-elementor-id=\"1092\" class=\"elementor elementor-1092\">\n\t\t\t\t\t\t<section class=\"elementor-section elementor-top-section elementor-element elementor-element-4859947 elementor-section-boxed elementor-section-height-default elementor-section-height-default\" data-id=\"4859947\" data-element_type=\"section\" data-e-type=\"section\">\n\t\t\t\t\t\t<div class=\"elementor-container elementor-column-gap-default\">\n\t\t\t\t\t<div class=\"elementor-column elementor-col-100 elementor-top-column elementor-element elementor-element-63adde4\" data-id=\"63adde4\" data-element_type=\"column\" data-e-type=\"column\">\n\t\t\t<div class=\"elementor-widget-wrap elementor-element-populated\">\n\t\t\t\t\t\t<div class=\"elementor-element elementor-element-87f2f82 elementor-widget elementor-widget-author-box\" data-id=\"87f2f82\" data-element_type=\"widget\" data-e-type=\"widget\" data-widget_type=\"author-box.default\">\n\t\t\t\t<div class=\"elementor-widget-container\">\n\t\t\t\t\t\t\t<div class=\"elementor-author-box\">\n\t\t\t\t\t\t\t<div  class=\"elementor-author-box__avatar\">\n\t\t\t\t\t<img decoding=\"async\" src=\"https:\/\/gruportres.mx\/wp-content\/uploads\/2025\/04\/IMG_3696-200x300.jpg\" alt=\"LIC. MANUEL DUR\u00d3N VILLASE\u00d1OR\">\n\t\t\t\t<\/div>\n\t\t\t\n\t\t\t<div class=\"elementor-author-box__text\">\n\t\t\t\t\t\t\t\t\t<div >\n\t\t\t\t\t\t<h3 class=\"elementor-author-box__name\">\n\t\t\t\t\t\t\tLIC. MANUEL DUR\u00d3N VILLASE\u00d1OR\t\t\t\t\t\t<\/h3>\n\t\t\t\t\t<\/div>\n\t\t\t\t\n\t\t\t\t\n\t\t\t\t\t\t\t<\/div>\n\t\t<\/div>\n\t\t\t\t\t\t<\/div>\n\t\t\t\t<\/div>\n\t\t\t\t\t<\/div>\n\t\t<\/div>\n\t\t\t\t\t<\/div>\n\t\t<\/section>\n\t\t\t\t<section class=\"elementor-section elementor-top-section elementor-element elementor-element-7ae39cb elementor-section-boxed elementor-section-height-default elementor-section-height-default\" data-id=\"7ae39cb\" data-element_type=\"section\" data-e-type=\"section\">\n\t\t\t\t\t\t<div class=\"elementor-container elementor-column-gap-default\">\n\t\t\t\t\t<div class=\"elementor-column elementor-col-100 elementor-top-column elementor-element elementor-element-17cd910\" data-id=\"17cd910\" data-element_type=\"column\" data-e-type=\"column\">\n\t\t\t<div class=\"elementor-widget-wrap elementor-element-populated\">\n\t\t\t\t\t\t<div class=\"elementor-element elementor-element-687eb5b elementor-widget elementor-widget-text-editor\" data-id=\"687eb5b\" data-element_type=\"widget\" data-e-type=\"widget\" data-widget_type=\"text-editor.default\">\n\t\t\t\t<div class=\"elementor-widget-container\">\n\t\t\t\t\t\t\t\t\t<ul><li style=\"font-weight: 400;\">Licenciado en Derecho en Universidad de Monterrey y Maestr\u00eda en Derecho en ITESM.<\/li><li style=\"font-weight: 400;\">Estudios adicionales en instituciones como Universidad An\u00e1huac, Escuela Bolsa Mexicana, Centro de Excelencia en Gobierno Corporativo, Georgetown, University of Alberta, entre otros.<\/li><li style=\"font-weight: 400;\">Especialista en derecho inmobiliario, transaccional y corporativo con m\u00e1s de 20 a\u00f1os de experiencia.<\/li><li style=\"font-weight: 400;\">Gerente y Director Jur\u00eddico, Director Jur\u00eddico y de Relaciones Gubernamentales M\u00e9xico y USA, Director General en Tres Vidas Acapulco, Apoderado General y Director en Proyectos Especiales Grupo Delta 2005-2022<\/li><li style=\"font-weight: 400;\">Participaci\u00f3n en la creaci\u00f3n y operaci\u00f3n de fondos privados de inversi\u00f3n.<\/li><li style=\"font-weight: 400;\">Experiencia en &#8220;joint ventures&#8221; con fondos institucionales internacionales y otras estructuras de coinversi\u00f3n.<\/li><li style=\"font-weight: 400;\">Institucionalizaci\u00f3n del gobierno corporativo en empresas familiares y colocaci\u00f3n de oferta p\u00fablica.<\/li><li style=\"font-weight: 400;\">Due diligence legal para adquisiciones de propiedades e inmuebles.<\/li><li style=\"font-weight: 400;\">Transacciones de compra y venta de propiedades y portafolios inmobiliarios.<\/li><li style=\"font-weight: 400;\">Especializaci\u00f3n en r\u00e9gimen de propiedad en condominio y gesti\u00f3n gubernamental a nivel municipal, estatal y federal.<\/li><li style=\"font-weight: 400;\">Constituci\u00f3n y transformaci\u00f3n de sociedades, fusiones, escisiones.<\/li><li style=\"font-weight: 400;\">Asesoramiento en due diligence legal para adquisiciones y transmisiones de empresas.<\/li><li style=\"font-weight: 400;\">Liquidaci\u00f3n de sociedades, movimientos y reestructuras corporativas.<\/li><li style=\"font-weight: 400;\">Implementaci\u00f3n de mejores pr\u00e1cticas de gobierno corporativo.<\/li><li style=\"font-weight: 400;\">Desarrollos Delta 2005-2022<\/li><\/ul>\t\t\t\t\t\t\t\t<\/div>\n\t\t\t\t<\/div>\n\t\t\t\t\t<\/div>\n\t\t<\/div>\n\t\t\t\t\t<\/div>\n\t\t<\/section>\n\t\t\t\t<section class=\"elementor-section elementor-top-section elementor-element elementor-element-cf5f16d elementor-section-boxed elementor-section-height-default elementor-section-height-default\" data-id=\"cf5f16d\" data-element_type=\"section\" data-e-type=\"section\">\n\t\t\t\t\t\t<div class=\"elementor-container elementor-column-gap-default\">\n\t\t\t\t\t<div class=\"elementor-column elementor-col-100 elementor-top-column elementor-element elementor-element-439b99b\" data-id=\"439b99b\" data-element_type=\"column\" data-e-type=\"column\">\n\t\t\t<div class=\"elementor-widget-wrap elementor-element-populated\">\n\t\t\t\t\t\t<div class=\"elementor-element elementor-element-bf6640f elementor-widget elementor-widget-button\" data-id=\"bf6640f\" data-element_type=\"widget\" data-e-type=\"widget\" data-widget_type=\"button.default\">\n\t\t\t\t<div class=\"elementor-widget-container\">\n\t\t\t\t\t\t\t\t\t<div class=\"elementor-button-wrapper\">\n\t\t\t\t\t<a class=\"elementor-button elementor-button-link elementor-size-sm\" href=\"https:\/\/gruportres.mx\/en\/#nosotros\">\n\t\t\t\t\t\t<span class=\"elementor-button-content-wrapper\">\n\t\t\t\t\t\t\t\t\t<span class=\"elementor-button-text\">Regresar<\/span>\n\t\t\t\t\t<\/span>\n\t\t\t\t\t<\/a>\n\t\t\t\t<\/div>\n\t\t\t\t\t\t\t\t<\/div>\n\t\t\t\t<\/div>\n\t\t\t\t\t<\/div>\n\t\t<\/div>\n\t\t\t\t\t<\/div>\n\t\t<\/section>\n\t\t\t\t<\/div>","protected":false},"excerpt":{"rendered":"<p>Licenciado en Derecho en Universidad de Monterrey y Maestr\u00eda en Derecho en ITESM. Estudios adicionales en instituciones como Universidad An\u00e1huac, Escuela Bolsa Mexicana, Centro de Excelencia en Gobierno Corporativo, Georgetown, University of Alberta, entre otros. Especialista en derecho inmobiliario, transaccional y corporativo con m\u00e1s de 20 a\u00f1os de experiencia. Gerente y Director Jur\u00eddico, Director Jur\u00eddico [&hellip;]<\/p>\n","protected":false},"author":3,"featured_media":0,"parent":0,"menu_order":0,"comment_status":"closed","ping_status":"closed","template":"","meta":{"om_disable_all_campaigns":false,"footnotes":""},"class_list":["post-1092","page","type-page","status-publish","hentry"],"blocksy_meta":[],"_links":{"self":[{"href":"https:\/\/gruportres.mx\/en\/wp-json\/wp\/v2\/pages\/1092","targetHints":{"allow":["GET"]}}],"collection":[{"href":"https:\/\/gruportres.mx\/en\/wp-json\/wp\/v2\/pages"}],"about":[{"href":"https:\/\/gruportres.mx\/en\/wp-json\/wp\/v2\/types\/page"}],"author":[{"embeddable":true,"href":"https:\/\/gruportres.mx\/en\/wp-json\/wp\/v2\/users\/3"}],"replies":[{"embeddable":true,"href":"https:\/\/gruportres.mx\/en\/wp-json\/wp\/v2\/comments?post=1092"}],"version-history":[{"count":8,"href":"https:\/\/gruportres.mx\/en\/wp-json\/wp\/v2\/pages\/1092\/revisions"}],"predecessor-version":[{"id":1124,"href":"https:\/\/gruportres.mx\/en\/wp-json\/wp\/v2\/pages\/1092\/revisions\/1124"}],"wp:attachment":[{"href":"https:\/\/gruportres.mx\/en\/wp-json\/wp\/v2\/media?parent=1092"}],"curies":[{"name":"wp","href":"https:\/\/api.w.org\/{rel}","templated":true}]}}