{"id":1077,"date":"2025-06-17T17:22:34","date_gmt":"2025-06-17T23:22:34","guid":{"rendered":"https:\/\/gruportres.mx\/?page_id=1077"},"modified":"2025-06-17T18:09:17","modified_gmt":"2025-06-18T00:09:17","slug":"gerardo-fuentes-socios","status":"publish","type":"page","link":"https:\/\/gruportres.mx\/en\/gerardo-fuentes-socios\/","title":{"rendered":"Gerardo fuentes"},"content":{"rendered":"<div data-elementor-type=\"wp-page\" data-elementor-id=\"1077\" class=\"elementor elementor-1077\">\n\t\t\t\t\t\t<section class=\"elementor-section elementor-top-section elementor-element elementor-element-4859947 elementor-section-boxed elementor-section-height-default elementor-section-height-default\" data-id=\"4859947\" data-element_type=\"section\" data-e-type=\"section\">\n\t\t\t\t\t\t<div class=\"elementor-container elementor-column-gap-default\">\n\t\t\t\t\t<div class=\"elementor-column elementor-col-100 elementor-top-column elementor-element elementor-element-63adde4\" data-id=\"63adde4\" data-element_type=\"column\" data-e-type=\"column\">\n\t\t\t<div class=\"elementor-widget-wrap elementor-element-populated\">\n\t\t\t\t\t\t<div class=\"elementor-element elementor-element-87f2f82 elementor-widget elementor-widget-author-box\" data-id=\"87f2f82\" data-element_type=\"widget\" data-e-type=\"widget\" data-widget_type=\"author-box.default\">\n\t\t\t\t<div class=\"elementor-widget-container\">\n\t\t\t\t\t\t\t<div class=\"elementor-author-box\">\n\t\t\t\t\t\t\t<div  class=\"elementor-author-box__avatar\">\n\t\t\t\t\t<img decoding=\"async\" src=\"https:\/\/gruportres.mx\/wp-content\/uploads\/2025\/04\/IMG_4066-200x300.jpg\" alt=\"GERARDO FUENTES\">\n\t\t\t\t<\/div>\n\t\t\t\n\t\t\t<div class=\"elementor-author-box__text\">\n\t\t\t\t\t\t\t\t\t<div >\n\t\t\t\t\t\t<h3 class=\"elementor-author-box__name\">\n\t\t\t\t\t\t\tGERARDO FUENTES\t\t\t\t\t\t<\/h3>\n\t\t\t\t\t<\/div>\n\t\t\t\t\n\t\t\t\t\n\t\t\t\t\t\t\t<\/div>\n\t\t<\/div>\n\t\t\t\t\t\t<\/div>\n\t\t\t\t<\/div>\n\t\t\t\t\t<\/div>\n\t\t<\/div>\n\t\t\t\t\t<\/div>\n\t\t<\/section>\n\t\t\t\t<section class=\"elementor-section elementor-top-section elementor-element elementor-element-7ae39cb elementor-section-boxed elementor-section-height-default elementor-section-height-default\" data-id=\"7ae39cb\" data-element_type=\"section\" data-e-type=\"section\">\n\t\t\t\t\t\t<div class=\"elementor-container elementor-column-gap-default\">\n\t\t\t\t\t<div class=\"elementor-column elementor-col-100 elementor-top-column elementor-element elementor-element-17cd910\" data-id=\"17cd910\" data-element_type=\"column\" data-e-type=\"column\">\n\t\t\t<div class=\"elementor-widget-wrap elementor-element-populated\">\n\t\t\t\t\t\t<div class=\"elementor-element elementor-element-687eb5b elementor-widget elementor-widget-text-editor\" data-id=\"687eb5b\" data-element_type=\"widget\" data-e-type=\"widget\" data-widget_type=\"text-editor.default\">\n\t\t\t\t<div class=\"elementor-widget-container\">\n\t\t\t\t\t\t\t\t\t<ul><li style=\"font-weight: 400;\">Graduado en Arquitectura por el ITESM en 1985.<\/li><li style=\"font-weight: 400;\">Maestr\u00eda en Negocios con especialidad en Finanzas en el ITESM,\u00a0 1990.<\/li><li style=\"font-weight: 400;\">Director de Proyectos del Campus Monterrey durante estudios de maestr\u00eda.<\/li><li style=\"font-weight: 400;\">Certificaci\u00f3n como PMP 1999.<\/li><li style=\"font-weight: 400;\">Participaci\u00f3n en desarrollo y operaci\u00f3n de Hospital Santa Engracia en Monterrey y el Hospital Los \u00c1ngeles en Torre\u00f3n, Coahuila.<\/li><li style=\"font-weight: 400;\">Director de Proyectos en Desarrollos Delta,\u00a0 planeaci\u00f3n, desarrollo y operaci\u00f3n de inmuebles comerciales, residenciales y oficinas (2005-2017).<\/li><li style=\"font-weight: 400;\">Director General de Tres Vidas en Acapulco, liderando proyectos inmobiliarios (posterior a Desarrollos Delta).<\/li><li style=\"font-weight: 400;\">Director General y Consejero en Grupo AlCon en Le\u00f3n, Gto., supervisando proyectos como Ciudad Mayor y Plaza Mayor (2017-2019).<\/li><li style=\"font-weight: 400;\">Director General en Grupo Proyecta en Puebla, involucrado en desarrollos como Lomas de Angel\u00f3polis y Nubia (2019-2021).<\/li><li style=\"font-weight: 400;\">Socio en Grupo RTRES, actualmente desarrollando proyectos propios y ofreciendo servicios a inversionistas.<\/li><\/ul>\t\t\t\t\t\t\t\t<\/div>\n\t\t\t\t<\/div>\n\t\t\t\t\t<\/div>\n\t\t<\/div>\n\t\t\t\t\t<\/div>\n\t\t<\/section>\n\t\t\t\t<section class=\"elementor-section elementor-top-section elementor-element elementor-element-cf5f16d elementor-section-boxed elementor-section-height-default elementor-section-height-default\" data-id=\"cf5f16d\" data-element_type=\"section\" data-e-type=\"section\">\n\t\t\t\t\t\t<div class=\"elementor-container elementor-column-gap-default\">\n\t\t\t\t\t<div class=\"elementor-column elementor-col-100 elementor-top-column elementor-element elementor-element-439b99b\" data-id=\"439b99b\" data-element_type=\"column\" data-e-type=\"column\">\n\t\t\t<div class=\"elementor-widget-wrap elementor-element-populated\">\n\t\t\t\t\t\t<div class=\"elementor-element elementor-element-bf6640f elementor-widget elementor-widget-button\" data-id=\"bf6640f\" data-element_type=\"widget\" data-e-type=\"widget\" data-widget_type=\"button.default\">\n\t\t\t\t<div class=\"elementor-widget-container\">\n\t\t\t\t\t\t\t\t\t<div class=\"elementor-button-wrapper\">\n\t\t\t\t\t<a class=\"elementor-button elementor-button-link elementor-size-sm\" href=\"https:\/\/gruportres.mx\/en\/#nosotros\">\n\t\t\t\t\t\t<span class=\"elementor-button-content-wrapper\">\n\t\t\t\t\t\t\t\t\t<span class=\"elementor-button-text\">Regresar<\/span>\n\t\t\t\t\t<\/span>\n\t\t\t\t\t<\/a>\n\t\t\t\t<\/div>\n\t\t\t\t\t\t\t\t<\/div>\n\t\t\t\t<\/div>\n\t\t\t\t\t<\/div>\n\t\t<\/div>\n\t\t\t\t\t<\/div>\n\t\t<\/section>\n\t\t\t\t<\/div>","protected":false},"excerpt":{"rendered":"<p>Graduado en Arquitectura por el ITESM en 1985. Maestr\u00eda en Negocios con especialidad en Finanzas en el ITESM,\u00a0 1990. Director de Proyectos del Campus Monterrey durante estudios de maestr\u00eda. Certificaci\u00f3n como PMP 1999. Participaci\u00f3n en desarrollo y operaci\u00f3n de Hospital Santa Engracia en Monterrey y el Hospital Los \u00c1ngeles en Torre\u00f3n, Coahuila. Director de Proyectos [&hellip;]<\/p>\n","protected":false},"author":1,"featured_media":0,"parent":0,"menu_order":0,"comment_status":"closed","ping_status":"closed","template":"","meta":{"om_disable_all_campaigns":false,"footnotes":""},"class_list":["post-1077","page","type-page","status-publish","hentry"],"blocksy_meta":[],"_links":{"self":[{"href":"https:\/\/gruportres.mx\/en\/wp-json\/wp\/v2\/pages\/1077","targetHints":{"allow":["GET"]}}],"collection":[{"href":"https:\/\/gruportres.mx\/en\/wp-json\/wp\/v2\/pages"}],"about":[{"href":"https:\/\/gruportres.mx\/en\/wp-json\/wp\/v2\/types\/page"}],"author":[{"embeddable":true,"href":"https:\/\/gruportres.mx\/en\/wp-json\/wp\/v2\/users\/1"}],"replies":[{"embeddable":true,"href":"https:\/\/gruportres.mx\/en\/wp-json\/wp\/v2\/comments?post=1077"}],"version-history":[{"count":19,"href":"https:\/\/gruportres.mx\/en\/wp-json\/wp\/v2\/pages\/1077\/revisions"}],"predecessor-version":[{"id":1111,"href":"https:\/\/gruportres.mx\/en\/wp-json\/wp\/v2\/pages\/1077\/revisions\/1111"}],"wp:attachment":[{"href":"https:\/\/gruportres.mx\/en\/wp-json\/wp\/v2\/media?parent=1077"}],"curies":[{"name":"wp","href":"https:\/\/api.w.org\/{rel}","templated":true}]}}